{"id":61,"date":"2018-04-04T20:02:22","date_gmt":"2018-04-04T18:02:22","guid":{"rendered":"http:\/\/localhost:8888\/?page_id=61"},"modified":"2023-10-20T15:40:40","modified_gmt":"2023-10-20T13:40:40","slug":"notre-metier","status":"publish","type":"page","link":"https:\/\/www.amhabitat.com\/?page_id=61","title":{"rendered":"Notre m\u00e9tier"},"content":{"rendered":"<div id=\"pl-61\"  class=\"panel-layout\" ><div id=\"pg-61-0\"  class=\"panel-grid panel-no-style\" ><div id=\"pgc-61-0-0\"  class=\"panel-grid-cell\" ><div id=\"panel-61-0-0-0\" class=\"so-panel widget widget_sow-image panel-first-child panel-last-child\" data-index=\"0\" ><div\n\t\t\t\n\t\t\tclass=\"so-widget-sow-image so-widget-sow-image-default-8b5b6f678277-61\"\n\t\t\t\n\t\t>\n<div class=\"sow-image-container\">\n\t\t<img \n\tsrc=\"https:\/\/www.amhabitat.com\/wp-content\/uploads\/2022\/07\/am-habitat-local.jpg\" width=\"640\" height=\"480\" srcset=\"https:\/\/www.amhabitat.com\/wp-content\/uploads\/2022\/07\/am-habitat-local.jpg 640w, https:\/\/www.amhabitat.com\/wp-content\/uploads\/2022\/07\/am-habitat-local-300x225.jpg 300w\" sizes=\"(max-width: 640px) 100vw, 640px\" alt=\"\" \t\tclass=\"so-widget-image\"\/>\n\t<\/div>\n\n<\/div><\/div><\/div><div id=\"pgc-61-0-1\"  class=\"panel-grid-cell\" ><div id=\"panel-61-0-1-0\" class=\"so-panel widget widget_sow-editor panel-first-child\" data-index=\"1\" ><div\n\t\t\t\n\t\t\tclass=\"so-widget-sow-editor so-widget-sow-editor-base\"\n\t\t\t\n\t\t>\n<div class=\"siteorigin-widget-tinymce textwidget\">\n\t<h2 style=\"text-align: left;\">Un projet cl\u00e9 en main<\/h2>\n<\/div>\n<\/div><\/div><div id=\"panel-61-0-1-1\" class=\"so-panel widget widget_sow-editor panel-last-child\" data-index=\"2\" ><div\n\t\t\t\n\t\t\tclass=\"so-widget-sow-editor so-widget-sow-editor-base\"\n\t\t\t\n\t\t>\n<div class=\"siteorigin-widget-tinymce textwidget\">\n\t<p><strong>Vous cr\u00e9ez un int\u00e9rieur qui vous ressemble<\/strong><\/p>\n<p>Depuis bient\u00f4t 20 ans, AM HABITAT met sa cr\u00e9ativit\u00e9 et le talent de son \u00e9quipe au service de votre bien-\u00eatre, en prenant en charge la r\u00e9alisation de votre cuisine, de vos salles de bains, de vos dressings mais \u00e9galement de la r\u00e9novation sur-mesure de tout ou une partie de votre int\u00e9rieur. Nous pilotons votre projet de la conception \u00e0 la r\u00e9alisation.<\/p>\n<p>Pour cela, nous vous assurons :<\/p>\n<ul>\n<li>Du sur-mesure pour que votre projet soit unique,<\/li>\n<li>Un service global,<\/li>\n<li>Un accompagnement et des conseils constructifs,<\/li>\n<li>Une s\u00e9lection de marques,<\/li>\n<li>Des prestations int\u00e9gralement assur\u00e9es par nos techniciens internes et salari\u00e9s de AM HABITAT,<\/li>\n<li>Le tout livr\u00e9 <strong>CL\u00c9 EN MAIN.<\/strong><\/li>\n<\/ul>\n<p>Nous vous garantissons une tranquillit\u00e9 d'esprit tout au long des travaux, l'optimisation de votre budget, une r\u00e9activit\u00e9 de tous les instants, de la qualit\u00e9, la garantie de bonne fin et un respect des d\u00e9lais.<\/p>\n<p><strong>Notre mission : <\/strong>R\u00e9v\u00e9ler et mettre en valeur votre int\u00e9rieur dans ce qu'il a d'unique et d'essentiel \u00e0 vos yeux.<\/p>\n<p class=\"p4\">\n<\/p><\/div>\n<\/div><\/div><\/div><\/div><div id=\"pg-61-1\"  class=\"panel-grid panel-no-style\" ><div id=\"pgc-61-1-0\"  class=\"panel-grid-cell\" ><div id=\"panel-61-1-0-0\" class=\"so-panel widget widget_sow-button panel-first-child panel-last-child\" data-index=\"3\" ><div\n\t\t\t\n\t\t\tclass=\"so-widget-sow-button so-widget-sow-button-flat-b0f00d044ae3-61\"\n\t\t\t\n\t\t><div class=\"ow-button-base ow-button-align-center\"\n>\n\t\t\t<a\n\t\t\t\t\thref=\"https:\/\/www.amhabitat.com\/?page_id=41\"\n\t\t\t\t\tclass=\"sowb-button ow-icon-placement-left ow-button-hover\" \t>\n\t\t<span>\n\t\t\t<span class=\"sow-icon-fontawesome sow-fas\" data-sow-icon=\"&#xf101;\"\n\t\tstyle=\"color: #ffffff\" \n\t\taria-hidden=\"true\"><\/span>\n\t\t\tContactez-nous\t\t<\/span>\n\t\t\t<\/a>\n\t<\/div>\n<\/div><\/div><\/div><div id=\"pgc-61-1-1\"  class=\"panel-grid-cell\" ><div id=\"panel-61-1-1-0\" class=\"so-panel widget widget_sow-button panel-first-child panel-last-child\" data-index=\"4\" ><div\n\t\t\t\n\t\t\tclass=\"so-widget-sow-button so-widget-sow-button-flat-b0f00d044ae3-61\"\n\t\t\t\n\t\t><div class=\"ow-button-base ow-button-align-center\"\n>\n\t\t\t<a\n\t\t\t\t\thref=\"https:\/\/www.amhabitat.com\/?page_id=52\"\n\t\t\t\t\tclass=\"sowb-button ow-icon-placement-left ow-button-hover\" \t>\n\t\t<span>\n\t\t\t<span class=\"sow-icon-fontawesome sow-fas\" data-sow-icon=\"&#xf101;\"\n\t\tstyle=\"color: #ffffff\" \n\t\taria-hidden=\"true\"><\/span>\n\t\t\tD\u00e9couvrez nos cuisines\t\t<\/span>\n\t\t\t<\/a>\n\t<\/div>\n<\/div><\/div><\/div><\/div><\/div>","protected":false},"excerpt":{"rendered":"<div class=\"slide-text-bg2\"><span>Un projet cl\u00e9 en main Vous cr\u00e9ez un int\u00e9rieur qui vous ressemble Depuis bient\u00f4t 20 ans, AM HABITAT met sa cr\u00e9ativit\u00e9 et le talent de son \u00e9quipe au s<\/span><\/div>\n<div class=\"slide-btn-area-sm\"><a href=\"https:\/\/www.amhabitat.com\/?page_id=61\" class=\"slide-btn-sm\">Lire la suite<\/a><\/div>\n","protected":false},"author":2,"featured_media":0,"parent":0,"menu_order":0,"comment_status":"closed","ping_status":"closed","template":"fullwidth.php","meta":{"_exactmetrics_skip_tracking":false,"_exactmetrics_sitenote_active":false,"_exactmetrics_sitenote_note":"","_exactmetrics_sitenote_category":0,"_vp_format_video_url":"","_vp_image_focal_point":[],"footnotes":""},"class_list":["post-61","page","type-page","status-publish","hentry"],"aioseo_notices":[],"_links":{"self":[{"href":"https:\/\/www.amhabitat.com\/index.php?rest_route=\/wp\/v2\/pages\/61","targetHints":{"allow":["GET"]}}],"collection":[{"href":"https:\/\/www.amhabitat.com\/index.php?rest_route=\/wp\/v2\/pages"}],"about":[{"href":"https:\/\/www.amhabitat.com\/index.php?rest_route=\/wp\/v2\/types\/page"}],"author":[{"embeddable":true,"href":"https:\/\/www.amhabitat.com\/index.php?rest_route=\/wp\/v2\/users\/2"}],"replies":[{"embeddable":true,"href":"https:\/\/www.amhabitat.com\/index.php?rest_route=%2Fwp%2Fv2%2Fcomments&post=61"}],"version-history":[{"count":42,"href":"https:\/\/www.amhabitat.com\/index.php?rest_route=\/wp\/v2\/pages\/61\/revisions"}],"predecessor-version":[{"id":732,"href":"https:\/\/www.amhabitat.com\/index.php?rest_route=\/wp\/v2\/pages\/61\/revisions\/732"}],"wp:attachment":[{"href":"https:\/\/www.amhabitat.com\/index.php?rest_route=%2Fwp%2Fv2%2Fmedia&parent=61"}],"curies":[{"name":"wp","href":"https:\/\/api.w.org\/{rel}","templated":true}]}}