{"id":41,"date":"2018-04-04T19:47:59","date_gmt":"2018-04-04T17:47:59","guid":{"rendered":"http:\/\/localhost:8888\/?page_id=41"},"modified":"2026-05-07T12:04:26","modified_gmt":"2026-05-07T10:04:26","slug":"contact","status":"publish","type":"page","link":"https:\/\/www.amhabitat.com\/?page_id=41","title":{"rendered":"Contact"},"content":{"rendered":"<div id=\"pl-41\"  class=\"panel-layout\" ><div id=\"pg-41-0\"  class=\"panel-grid panel-no-style\" ><div id=\"pgc-41-0-0\"  class=\"panel-grid-cell\" ><div id=\"panel-41-0-0-0\" class=\"so-panel widget widget_sow-image panel-first-child panel-last-child\" data-index=\"0\" ><div\n\t\t\t\n\t\t\tclass=\"so-widget-sow-image so-widget-sow-image-default-8b5b6f678277-41\"\n\t\t\t\n\t\t>\n<div class=\"sow-image-container\">\n\t\t<img \n\tsrc=\"https:\/\/www.amhabitat.com\/wp-content\/uploads\/2023\/09\/Design-sans-titre-3.jpg\" width=\"1600\" height=\"500\" srcset=\"https:\/\/www.amhabitat.com\/wp-content\/uploads\/2023\/09\/Design-sans-titre-3.jpg 1600w, https:\/\/www.amhabitat.com\/wp-content\/uploads\/2023\/09\/Design-sans-titre-3-300x94.jpg 300w, https:\/\/www.amhabitat.com\/wp-content\/uploads\/2023\/09\/Design-sans-titre-3-1024x320.jpg 1024w, https:\/\/www.amhabitat.com\/wp-content\/uploads\/2023\/09\/Design-sans-titre-3-768x240.jpg 768w, https:\/\/www.amhabitat.com\/wp-content\/uploads\/2023\/09\/Design-sans-titre-3-1536x480.jpg 1536w, https:\/\/www.amhabitat.com\/wp-content\/uploads\/2023\/09\/Design-sans-titre-3-500x156.jpg 500w, https:\/\/www.amhabitat.com\/wp-content\/uploads\/2023\/09\/Design-sans-titre-3-800x250.jpg 800w, https:\/\/www.amhabitat.com\/wp-content\/uploads\/2023\/09\/Design-sans-titre-3-1280x400.jpg 1280w\" sizes=\"(max-width: 1600px) 100vw, 1600px\" title=\"Design sans titre (3)\" alt=\"\" \t\tclass=\"so-widget-image\"\/>\n\t<\/div>\n\n<\/div><\/div><\/div><\/div><div id=\"pg-41-1\"  class=\"panel-grid panel-no-style\" ><div id=\"pgc-41-1-0\"  class=\"panel-grid-cell\" ><div id=\"panel-41-1-0-0\" class=\"so-panel widget widget_sow-editor panel-first-child\" data-index=\"1\" ><div\n\t\t\t\n\t\t\tclass=\"so-widget-sow-editor so-widget-sow-editor-base\"\n\t\t\t\n\t\t>\n<div class=\"siteorigin-widget-tinymce textwidget\">\n\t<p><strong>Notre salle d'exposition <\/strong>:<br \/>\nZA Lann Vrihan<br \/>\n56450 H\u00c9ZO<br \/>\n<em>(\u00e0 l'entr\u00e9e de la Presqu'\u00eele de Rhuys, direction Sarzeau)<\/em><\/p>\n<div class=\"media-body\">\n<p><strong>Du lundi au vendredi <\/strong>:<br \/>\nDe 9h30 \u00e0 12h00<br \/>\net de 14h00 \u00e0 18h30<\/p>\n<p><strong>Le samedi <\/strong>:<br \/>\nDe 9h30 \u00e0 12h00<br \/>\net de 14h00 \u00e0 18h00<\/p>\n<p><strong>Vous pouvez nous joindre <\/strong>:<\/p>\n<p>par t\u00e9l\u00e9phone au 02.97.48.00.44<\/p>\n<p>ou par mail: bureau@amhabitat.com<\/p>\n<\/div>\n<p>&nbsp;<\/p>\n<\/div>\n<\/div><\/div><div id=\"panel-41-1-0-1\" class=\"widget_text so-panel widget widget_custom_html\" data-index=\"2\" ><h3 class=\"widget-title\">Suivez-nous sur nos r\u00e9seaux sociaux !<\/h3><div class=\"textwidget custom-html-widget\"><a href=\"https:\/\/instagram.com\/_am_habitat?igshid=MzRlODBiNWFlZA==\"><img loading=\"lazy\" decoding=\"async\" src=\"https:\/\/www.amhabitat.com\/wp-content\/uploads\/2023\/09\/Logo-instagram-150x150.webp\" alt=\"Ic\u00f4ne Instagram\" width=\"25\" height=\"25\" class=\"alignnone size-thumbnail wp-image-652\" srcset=\"https:\/\/www.amhabitat.com\/wp-content\/uploads\/2023\/09\/Logo-instagram-150x150.webp 150w, https:\/\/www.amhabitat.com\/wp-content\/uploads\/2023\/09\/Logo-instagram-300x300.webp 300w, https:\/\/www.amhabitat.com\/wp-content\/uploads\/2023\/09\/Logo-instagram-1024x1024.webp 1024w, https:\/\/www.amhabitat.com\/wp-content\/uploads\/2023\/09\/Logo-instagram-768x768.webp 768w, https:\/\/www.amhabitat.com\/wp-content\/uploads\/2023\/09\/Logo-instagram-1536x1536.webp 1536w, https:\/\/www.amhabitat.com\/wp-content\/uploads\/2023\/09\/Logo-instagram-500x500.webp 500w, https:\/\/www.amhabitat.com\/wp-content\/uploads\/2023\/09\/Logo-instagram-800x800.webp 800w, https:\/\/www.amhabitat.com\/wp-content\/uploads\/2023\/09\/Logo-instagram-1280x1280.webp 1280w, https:\/\/www.amhabitat.com\/wp-content\/uploads\/2023\/09\/Logo-instagram-1920x1920.webp 1920w, https:\/\/www.amhabitat.com\/wp-content\/uploads\/2023\/09\/Logo-instagram.webp 2048w\" sizes=\"auto, (max-width: 25px) 100vw, 25px\" \/><\/a> \n<a href=\"https:\/\/www.facebook.com\/profile.php?id=61551049596989\"><img loading=\"lazy\" decoding=\"async\" src=\"https:\/\/www.amhabitat.com\/wp-content\/uploads\/2023\/09\/Facebook-150x150.png\" alt=\"Ic\u00f4ne Facebook\" width=\"25\" height=\"25\" class=\"alignnone size-thumbnail wp-image-651\" srcset=\"https:\/\/www.amhabitat.com\/wp-content\/uploads\/2023\/09\/Facebook-150x150.png 150w, https:\/\/www.amhabitat.com\/wp-content\/uploads\/2023\/09\/Facebook.png 250w\" sizes=\"auto, (max-width: 25px) 100vw, 25px\" \/><\/a><\/div><\/div><div id=\"panel-41-1-0-2\" class=\"so-panel widget widget_sow-button panel-last-child\" data-index=\"3\" ><div\n\t\t\t\n\t\t\tclass=\"so-widget-sow-button so-widget-sow-button-flat-420a81e86ef2-41\"\n\t\t\t\n\t\t><div class=\"ow-button-base ow-button-align-left\"\n>\n\t\t\t<a\n\t\t\t\t\thref=\"mailto:bureau@amhabitat.com\"\n\t\t\t\t\tclass=\"sowb-button ow-icon-placement-left ow-button-hover\" target=\"_blank\" rel=\"noopener noreferrer\" \t>\n\t\t<span>\n\t\t\t<span class=\"sow-icon-fontawesome sow-fas\" data-sow-icon=\"&#xf1d8;\"\n\t\tstyle=\"color: #ffffff\" \n\t\taria-hidden=\"true\"><\/span>\n\t\t\tEnvoyez-nous un mail\t\t<\/span>\n\t\t\t<\/a>\n\t<\/div>\n<\/div><\/div><\/div><div id=\"pgc-41-1-1\"  class=\"panel-grid-cell\" ><div id=\"panel-41-1-1-0\" class=\"so-panel widget widget_text panel-first-child panel-last-child\" data-index=\"4\" >\t\t\t<div class=\"textwidget\">\n<div class=\"wpcf7 no-js\" id=\"wpcf7-f75-o1\" lang=\"fr-FR\" dir=\"ltr\" data-wpcf7-id=\"75\">\n<div class=\"screen-reader-response\"><p role=\"status\" aria-live=\"polite\" aria-atomic=\"true\"><\/p> <ul><\/ul><\/div>\n<form action=\"\/index.php?rest_route=%2Fwp%2Fv2%2Fpages%2F41#wpcf7-f75-o1\" method=\"post\" class=\"wpcf7-form init\" aria-label=\"Formulaire de contact\" novalidate=\"novalidate\" data-status=\"init\">\n<fieldset class=\"hidden-fields-container\"><input type=\"hidden\" name=\"_wpcf7\" value=\"75\" \/><input type=\"hidden\" name=\"_wpcf7_version\" value=\"6.1.5\" \/><input type=\"hidden\" name=\"_wpcf7_locale\" value=\"fr_FR\" \/><input type=\"hidden\" name=\"_wpcf7_unit_tag\" value=\"wpcf7-f75-o1\" \/><input type=\"hidden\" name=\"_wpcf7_container_post\" value=\"0\" \/><input type=\"hidden\" name=\"_wpcf7_posted_data_hash\" value=\"\" \/>\n<\/fieldset>\n<p><span class=\"wpcf7-form-control-wrap\" data-name=\"Civilit\"><span class=\"wpcf7-form-control wpcf7-radio\"><span class=\"wpcf7-list-item first\"><label><input type=\"radio\" name=\"Civilit\" value=\"Madame\" checked=\"checked\" \/><span class=\"wpcf7-list-item-label\">Madame<\/span><\/label><\/span><span class=\"wpcf7-list-item last\"><label><input type=\"radio\" name=\"Civilit\" value=\"Monsieur\" \/><span class=\"wpcf7-list-item-label\">Monsieur<\/span><\/label><\/span><\/span><\/span>\n<\/p>\n<p><label> Votre nom (obligatoire)<br \/>\n<span class=\"wpcf7-form-control-wrap\" data-name=\"your-name\"><input size=\"40\" maxlength=\"400\" class=\"wpcf7-form-control wpcf7-text wpcf7-validates-as-required\" aria-required=\"true\" aria-invalid=\"false\" value=\"\" type=\"text\" name=\"your-name\" \/><\/span> <\/label>\n<\/p>\n<p><label> Votre adresse de messagerie (obligatoire)<br \/>\n<span class=\"wpcf7-form-control-wrap\" data-name=\"your-email\"><input size=\"40\" maxlength=\"400\" class=\"wpcf7-form-control wpcf7-email wpcf7-validates-as-required wpcf7-text wpcf7-validates-as-email\" aria-required=\"true\" aria-invalid=\"false\" value=\"\" type=\"email\" name=\"your-email\" \/><\/span> <\/label>\n<\/p>\n<p><label> Votre num\u00e9ro de t\u00e9l\u00e9phone (obligatoire)<br \/>\n<span class=\"wpcf7-form-control-wrap\" data-name=\"tel-972\"><input size=\"40\" maxlength=\"400\" class=\"wpcf7-form-control wpcf7-tel wpcf7-validates-as-required wpcf7-text wpcf7-validates-as-tel\" autocomplete=\"tel\" aria-required=\"true\" aria-invalid=\"false\" value=\"\" type=\"tel\" name=\"tel-972\" \/><\/span> <\/label>\n<\/p>\n<p><label> Objet<br \/>\n<span class=\"wpcf7-form-control-wrap\" data-name=\"your-subject\"><input size=\"40\" maxlength=\"400\" class=\"wpcf7-form-control wpcf7-text\" aria-invalid=\"false\" value=\"\" type=\"text\" name=\"your-subject\" \/><\/span> <\/label>\n<\/p>\n<p><label> Votre message<br \/>\n<span class=\"wpcf7-form-control-wrap\" data-name=\"your-message\"><input size=\"40\" maxlength=\"400\" class=\"wpcf7-form-control wpcf7-text wpcf7-validates-as-required\" aria-required=\"true\" aria-invalid=\"false\" value=\"\" type=\"text\" name=\"your-message\" \/><\/span> <\/label>\n<\/p>\n<p><label> <span class=\"wpcf7-form-control-wrap\" data-name=\"checkbox-535\"><span class=\"wpcf7-form-control wpcf7-checkbox\"><span class=\"wpcf7-list-item first last\"><label><input type=\"checkbox\" name=\"checkbox-535[]\" value=\"En cochant cette case et en soumettant ce formulaire, j&#039;accepte que mes donn\u00e9es soient utilis\u00e9es pour me recontacter dans le cadre de ma demande indiqu\u00e9e. Aucun traitement ne sera effectu\u00e9 avec mes informations.\" \/><span class=\"wpcf7-list-item-label\">En cochant cette case et en soumettant ce formulaire, j&#039;accepte que mes donn\u00e9es soient utilis\u00e9es pour me recontacter dans le cadre de ma demande indiqu\u00e9e. Aucun traitement ne sera effectu\u00e9 avec mes informations.<\/span><\/label><\/span><\/span><\/span> <\/label>\n<\/p>\n<p><span class=\"wpcf7-form-control-wrap kc_captcha\" data-name=\"kc_captcha\"><span class=\"wpcf7-form-control wpcf7-radio\"><span class=\"captcha-image\" ><span class=\"cf7ic_instructions\">Veuillez prouver que vous \u00eates humain en s\u00e9lectionnant<span> l\u2019avion<\/span>.<\/span><label><input aria-label=\"1\" type=\"radio\" name=\"kc_captcha\" value=\"bot\" \/><svg aria-hidden=\"true\" role=\"img\" xmlns=\"http:\/\/www.w3.org\/2000\/svg\" viewBox=\"0 0 576 512\"><path fill=\"currentColor\" d=\"M488 313v143c0 13-11 24-24 24H348c-7 0-12-5-12-12V356c0-7-5-12-12-12h-72c-7 0-12 5-12 12v112c0 7-5 12-12 12H112c-13 0-24-11-24-24V313c0-4 2-7 4-10l188-154c5-4 11-4 16 0l188 154c2 3 4 6 4 10zm84-61l-84-69V44c0-6-5-12-12-12h-56c-7 0-12 6-12 12v73l-89-74a48 48 0 00-61 0L4 252c-5 4-5 12-1 17l25 31c5 5 12 5 17 1l235-193c5-4 11-4 16 0l235 193c5 5 13 4 17-1l25-31c4-6 4-13-1-17z\"\/><\/svg><\/label><label><input aria-label=\"2\" type=\"radio\" name=\"kc_captcha\" value=\"bot\" \/><svg aria-hidden=\"true\" role=\"img\" xmlns=\"http:\/\/www.w3.org\/2000\/svg\" viewBox=\"0 0 512 512\"><path fill=\"currentColor\" d=\"M350 99c-54 0-98-35-166-35-25 0-47 4-68 12a56 56 0 004-24C118 24 95 1 66 0a56 56 0 00-34 102v386c0 13 11 24 24 24h16c13 0 24-11 24-24v-94c28-12 64-23 114-23 54 0 98 35 166 35 48 0 86-16 122-41 9-6 14-15 14-26V96c0-23-24-39-45-29-35 16-77 32-117 32z\"\/><\/svg><\/label><label><input aria-label=\"3\" type=\"radio\" name=\"kc_captcha\" value=\"kc_human\" \/><svg aria-hidden=\"true\" role=\"img\" xmlns=\"http:\/\/www.w3.org\/2000\/svg\" viewBox=\"0 0 576 512\"><path fill=\"currentColor\" d=\"M472 200H360L256 6a12 12 0 00-10-6h-58c-8 0-14 7-12 15l34 185H100l-35-58a12 12 0 00-10-6H12c-8 0-13 7-12 14l21 106L0 362c-1 7 4 14 12 14h43c4 0 8-2 10-6l35-58h110l-34 185c-2 8 4 15 12 15h58a12 12 0 0010-6l104-194h112c57 0 104-25 104-56s-47-56-104-56z\"\/><\/svg><\/label>\r\n    <\/span>\r\n    <span style=\"display:none\">\r\n        <input type=\"text\" name=\"kc_honeypot\">\r\n    <\/span><\/span><\/span>\n<\/p>\n<p><input class=\"wpcf7-form-control wpcf7-submit has-spinner\" type=\"submit\" value=\"Envoyer\" \/>\n<\/p><div class=\"wpcf7-response-output\" aria-hidden=\"true\"><\/div>\n<\/form>\n<\/div>\n\n<\/div>\n\t\t<\/div><\/div><\/div><\/div>","protected":false},"excerpt":{"rendered":"<div class=\"slide-text-bg2\"><span>Notre salle d&rsquo;exposition : ZA Lann Vrihan 56450 H\u00c9ZO (\u00e0 l&rsquo;entr\u00e9e de la Presqu&rsquo;\u00eele de Rhuys, direction Sarzeau) Du lundi au vendredi : De 9h30 \u00e0 12h00 <\/span><\/div>\n<div class=\"slide-btn-area-sm\"><a href=\"https:\/\/www.amhabitat.com\/?page_id=41\" class=\"slide-btn-sm\">Lire la suite<\/a><\/div>\n","protected":false},"author":2,"featured_media":0,"parent":0,"menu_order":0,"comment_status":"closed","ping_status":"closed","template":"fullwidth.php","meta":{"_exactmetrics_skip_tracking":false,"_exactmetrics_sitenote_active":false,"_exactmetrics_sitenote_note":"","_exactmetrics_sitenote_category":0,"_vp_format_video_url":"","_vp_image_focal_point":[],"footnotes":""},"class_list":["post-41","page","type-page","status-publish","hentry"],"aioseo_notices":[],"_links":{"self":[{"href":"https:\/\/www.amhabitat.com\/index.php?rest_route=\/wp\/v2\/pages\/41","targetHints":{"allow":["GET"]}}],"collection":[{"href":"https:\/\/www.amhabitat.com\/index.php?rest_route=\/wp\/v2\/pages"}],"about":[{"href":"https:\/\/www.amhabitat.com\/index.php?rest_route=\/wp\/v2\/types\/page"}],"author":[{"embeddable":true,"href":"https:\/\/www.amhabitat.com\/index.php?rest_route=\/wp\/v2\/users\/2"}],"replies":[{"embeddable":true,"href":"https:\/\/www.amhabitat.com\/index.php?rest_route=%2Fwp%2Fv2%2Fcomments&post=41"}],"version-history":[{"count":40,"href":"https:\/\/www.amhabitat.com\/index.php?rest_route=\/wp\/v2\/pages\/41\/revisions"}],"predecessor-version":[{"id":1032,"href":"https:\/\/www.amhabitat.com\/index.php?rest_route=\/wp\/v2\/pages\/41\/revisions\/1032"}],"wp:attachment":[{"href":"https:\/\/www.amhabitat.com\/index.php?rest_route=%2Fwp%2Fv2%2Fmedia&parent=41"}],"curies":[{"name":"wp","href":"https:\/\/api.w.org\/{rel}","templated":true}]}}